{"id":505,"date":"2020-06-13T18:28:37","date_gmt":"2020-06-13T18:28:37","guid":{"rendered":"http:\/\/marianaheredia.es\/?page_id=505"},"modified":"2025-06-21T13:43:32","modified_gmt":"2025-06-21T13:43:32","slug":"coming-soon-intermitente","status":"publish","type":"page","link":"http:\/\/marianaheredia.es\/?page_id=505","title":{"rendered":"Intermitente"},"content":{"rendered":"\n<div class=\"wp-block-group\"><div class=\"wp-block-group__inner-container is-layout-constrained wp-block-group-is-layout-constrained\">\n<p class=\"has-text-align-left has-black-color has-text-color has-link-color wp-elements-1aa6c4146900c4915c1dc9ef4790260a\">                                        La capa de polvo que conserva el calor<br>                                        y lo mantiene todo m\u00e1s o menos en su sitio.<\/p>\n\n\n\n<p class=\"has-black-color has-text-color has-link-color wp-elements-3cfae1318cedc2aca8d041e3fd23a18b\"><\/p>\n\n\n\n<p class=\"has-text-align-left has-black-color has-text-color has-link-color wp-elements-cdbb15bc3d7f4769d731660d194f7df6\"><br>Tramo a tramo configurar el c\u00edrculo entre la densa vegetaci\u00f3n,<br>pelota de goma rotando entre los dedos.<\/p>\n\n\n\n<p class=\"has-text-align-right has-black-color has-text-color has-link-color wp-elements-4ef10eea5f4f721f88a135f5a62e9c0d\"><br>                                                                                                                     Parpadeo<\/p>\n\n\n\n<p class=\"has-text-align-left has-black-color has-text-color has-link-color wp-elements-2ed996381401852d4013a267c357bc9a\"><br>Los contornos aparecen definidos por un momento m\u00e1s breve que un<br>instante<\/p>\n\n\n\n<p class=\"has-text-align-right has-black-color has-text-color has-link-color wp-elements-e0b7a604c4a4efae7585891c215b6023\"><br>                                                                              entonces resbalan y se entrecortan<\/p>\n\n\n\n<p class=\"has-text-align-left has-black-color has-text-color has-link-color wp-elements-476707089030d8b9fd3eba296529100b\"><br><\/p>\n\n\n\n<p class=\"has-text-align-left has-black-color has-text-color has-link-color wp-elements-76819df5cd5fd60ccbab2c3483e48034\">Parece que va buscando,<br>hundiendo la cabeza entre los hombros y sumergi\u00e9ndola.<br>El cuerpo m\u00e1s o menos inm\u00f3vil aguarda en la orilla a que regrese.<br>A ver qu\u00e9 sacas hoy<\/p>\n\n\n\n<p class=\"has-text-align-right has-black-color has-text-color has-link-color wp-elements-15ed0ce6ba8d9e3b30fd680407f2a1f1\"><br>                                                                si los agujeros de esa red son finos y retienen<br><\/p>\n\n\n\n<p class=\"has-black-color has-text-color has-link-color wp-elements-3cfae1318cedc2aca8d041e3fd23a18b\"><\/p>\n\n\n\n<p class=\"has-text-align-left has-black-color has-text-color has-link-color wp-elements-53e1c3b1852ce21df8459724e4c212a6\">Estaba escuchando palabra por palabra<br>miga de pan densa<br>mi saliva<br>no ser\u00eda capaz de deshacer aquel entramado.<\/p>\n\n\n\n<p><\/p>\n<\/div><\/div>\n\n\n\n<div style=\"height:100px\" aria-hidden=\"true\" class=\"wp-block-spacer\"><\/div>\n\n\n\n<figure class=\"wp-block-image alignwide size-full\"><img loading=\"lazy\" decoding=\"async\" width=\"2560\" height=\"1440\" src=\"http:\/\/marianaheredia.es\/wp-content\/uploads\/2024\/02\/IMG_20230828_183655_1-scaled.jpg\" alt=\"\" class=\"wp-image-670\" srcset=\"http:\/\/marianaheredia.es\/wp-content\/uploads\/2024\/02\/IMG_20230828_183655_1-scaled.jpg 2560w, http:\/\/marianaheredia.es\/wp-content\/uploads\/2024\/02\/IMG_20230828_183655_1-300x169.jpg 300w, http:\/\/marianaheredia.es\/wp-content\/uploads\/2024\/02\/IMG_20230828_183655_1-1024x576.jpg 1024w, http:\/\/marianaheredia.es\/wp-content\/uploads\/2024\/02\/IMG_20230828_183655_1-768x432.jpg 768w, http:\/\/marianaheredia.es\/wp-content\/uploads\/2024\/02\/IMG_20230828_183655_1-1536x864.jpg 1536w, http:\/\/marianaheredia.es\/wp-content\/uploads\/2024\/02\/IMG_20230828_183655_1-2048x1152.jpg 2048w, http:\/\/marianaheredia.es\/wp-content\/uploads\/2024\/02\/IMG_20230828_183655_1-500x281.jpg 500w, http:\/\/marianaheredia.es\/wp-content\/uploads\/2024\/02\/IMG_20230828_183655_1-800x450.jpg 800w, http:\/\/marianaheredia.es\/wp-content\/uploads\/2024\/02\/IMG_20230828_183655_1-1280x720.jpg 1280w, http:\/\/marianaheredia.es\/wp-content\/uploads\/2024\/02\/IMG_20230828_183655_1-1920x1080.jpg 1920w, http:\/\/marianaheredia.es\/wp-content\/uploads\/2024\/02\/IMG_20230828_183655_1-1200x675.jpg 1200w, http:\/\/marianaheredia.es\/wp-content\/uploads\/2024\/02\/IMG_20230828_183655_1-1120x630.jpg 1120w, http:\/\/marianaheredia.es\/wp-content\/uploads\/2024\/02\/IMG_20230828_183655_1-1140x641.jpg 1140w\" sizes=\"auto, (max-width: 2560px) 100vw, 2560px\" \/><\/figure>\n\n\n\n<p class=\"has-text-align-left\">Sala 1 del Centro de Cultura Antiguo Instituto, Gij\u00f3n<\/p>\n\n\n\n<div class=\"wp-block-columns is-layout-flex wp-container-core-columns-is-layout-9d6595d7 wp-block-columns-is-layout-flex\">\n<div class=\"wp-block-column is-layout-flow wp-block-column-is-layout-flow\">\n<figure class=\"wp-block-image alignwide size-full\"><img loading=\"lazy\" decoding=\"async\" width=\"2500\" height=\"1663\" src=\"http:\/\/marianaheredia.es\/wp-content\/uploads\/2024\/02\/270723-pabloalbala-_DSC1841_1.jpg\" alt=\"\" class=\"wp-image-700\" srcset=\"http:\/\/marianaheredia.es\/wp-content\/uploads\/2024\/02\/270723-pabloalbala-_DSC1841_1.jpg 2500w, http:\/\/marianaheredia.es\/wp-content\/uploads\/2024\/02\/270723-pabloalbala-_DSC1841_1-300x200.jpg 300w, http:\/\/marianaheredia.es\/wp-content\/uploads\/2024\/02\/270723-pabloalbala-_DSC1841_1-1024x681.jpg 1024w, http:\/\/marianaheredia.es\/wp-content\/uploads\/2024\/02\/270723-pabloalbala-_DSC1841_1-768x511.jpg 768w, http:\/\/marianaheredia.es\/wp-content\/uploads\/2024\/02\/270723-pabloalbala-_DSC1841_1-1536x1022.jpg 1536w, http:\/\/marianaheredia.es\/wp-content\/uploads\/2024\/02\/270723-pabloalbala-_DSC1841_1-2048x1362.jpg 2048w, http:\/\/marianaheredia.es\/wp-content\/uploads\/2024\/02\/270723-pabloalbala-_DSC1841_1-500x333.jpg 500w, http:\/\/marianaheredia.es\/wp-content\/uploads\/2024\/02\/270723-pabloalbala-_DSC1841_1-800x532.jpg 800w, http:\/\/marianaheredia.es\/wp-content\/uploads\/2024\/02\/270723-pabloalbala-_DSC1841_1-1280x851.jpg 1280w, http:\/\/marianaheredia.es\/wp-content\/uploads\/2024\/02\/270723-pabloalbala-_DSC1841_1-1920x1277.jpg 1920w, http:\/\/marianaheredia.es\/wp-content\/uploads\/2024\/02\/270723-pabloalbala-_DSC1841_1-1200x798.jpg 1200w, http:\/\/marianaheredia.es\/wp-content\/uploads\/2024\/02\/270723-pabloalbala-_DSC1841_1-1120x745.jpg 1120w, http:\/\/marianaheredia.es\/wp-content\/uploads\/2024\/02\/270723-pabloalbala-_DSC1841_1-1140x758.jpg 1140w\" sizes=\"auto, (max-width: 2500px) 100vw, 2500px\" \/><\/figure>\n\n\n\n<p class=\"has-text-align-left\">1. Libro rociado\/ 2. Varias piezas met\u00e1licas \/3. Fotograma del v\u00eddeo Kamillendampfbad de<br>Heike y Thomas Bayrle y Steffi Hartl\/ 4. Gafas cementadas\/ 5. Pelota de goma\/ 6. Papel arrancado\/ 7. Cristal<\/p>\n<\/div>\n<\/div>\n\n\n\n<figure class=\"wp-block-image size-full\"><img loading=\"lazy\" decoding=\"async\" width=\"2500\" height=\"1663\" src=\"http:\/\/marianaheredia.es\/wp-content\/uploads\/2024\/02\/270723-pabloalbala-_DSC1811_1.jpg\" alt=\"\" class=\"wp-image-698\" srcset=\"http:\/\/marianaheredia.es\/wp-content\/uploads\/2024\/02\/270723-pabloalbala-_DSC1811_1.jpg 2500w, http:\/\/marianaheredia.es\/wp-content\/uploads\/2024\/02\/270723-pabloalbala-_DSC1811_1-300x200.jpg 300w, http:\/\/marianaheredia.es\/wp-content\/uploads\/2024\/02\/270723-pabloalbala-_DSC1811_1-1024x681.jpg 1024w, http:\/\/marianaheredia.es\/wp-content\/uploads\/2024\/02\/270723-pabloalbala-_DSC1811_1-768x511.jpg 768w, http:\/\/marianaheredia.es\/wp-content\/uploads\/2024\/02\/270723-pabloalbala-_DSC1811_1-1536x1022.jpg 1536w, http:\/\/marianaheredia.es\/wp-content\/uploads\/2024\/02\/270723-pabloalbala-_DSC1811_1-2048x1362.jpg 2048w, http:\/\/marianaheredia.es\/wp-content\/uploads\/2024\/02\/270723-pabloalbala-_DSC1811_1-500x333.jpg 500w, http:\/\/marianaheredia.es\/wp-content\/uploads\/2024\/02\/270723-pabloalbala-_DSC1811_1-800x532.jpg 800w, http:\/\/marianaheredia.es\/wp-content\/uploads\/2024\/02\/270723-pabloalbala-_DSC1811_1-1280x851.jpg 1280w, http:\/\/marianaheredia.es\/wp-content\/uploads\/2024\/02\/270723-pabloalbala-_DSC1811_1-1920x1277.jpg 1920w, http:\/\/marianaheredia.es\/wp-content\/uploads\/2024\/02\/270723-pabloalbala-_DSC1811_1-1200x798.jpg 1200w, http:\/\/marianaheredia.es\/wp-content\/uploads\/2024\/02\/270723-pabloalbala-_DSC1811_1-1120x745.jpg 1120w, http:\/\/marianaheredia.es\/wp-content\/uploads\/2024\/02\/270723-pabloalbala-_DSC1811_1-1140x758.jpg 1140w\" sizes=\"auto, (max-width: 2500px) 100vw, 2500px\" \/><\/figure>\n\n\n\n<figure class=\"wp-block-image size-full\"><img loading=\"lazy\" decoding=\"async\" width=\"1697\" height=\"2560\" src=\"http:\/\/marianaheredia.es\/wp-content\/uploads\/2024\/02\/100x70-scaled.jpg\" alt=\"\" class=\"wp-image-716\" srcset=\"http:\/\/marianaheredia.es\/wp-content\/uploads\/2024\/02\/100x70-scaled.jpg 1697w, http:\/\/marianaheredia.es\/wp-content\/uploads\/2024\/02\/100x70-199x300.jpg 199w, http:\/\/marianaheredia.es\/wp-content\/uploads\/2024\/02\/100x70-679x1024.jpg 679w, http:\/\/marianaheredia.es\/wp-content\/uploads\/2024\/02\/100x70-768x1158.jpg 768w, http:\/\/marianaheredia.es\/wp-content\/uploads\/2024\/02\/100x70-1018x1536.jpg 1018w, http:\/\/marianaheredia.es\/wp-content\/uploads\/2024\/02\/100x70-1358x2048.jpg 1358w, http:\/\/marianaheredia.es\/wp-content\/uploads\/2024\/02\/100x70-500x754.jpg 500w, http:\/\/marianaheredia.es\/wp-content\/uploads\/2024\/02\/100x70-800x1207.jpg 800w, http:\/\/marianaheredia.es\/wp-content\/uploads\/2024\/02\/100x70-1280x1931.jpg 1280w, http:\/\/marianaheredia.es\/wp-content\/uploads\/2024\/02\/100x70-1920x2896.jpg 1920w, http:\/\/marianaheredia.es\/wp-content\/uploads\/2024\/02\/100x70-1200x1810.jpg 1200w, http:\/\/marianaheredia.es\/wp-content\/uploads\/2024\/02\/100x70-1120x1689.jpg 1120w, http:\/\/marianaheredia.es\/wp-content\/uploads\/2024\/02\/100x70-1140x1720.jpg 1140w\" sizes=\"auto, (max-width: 1697px) 100vw, 1697px\" \/><\/figure>\n\n\n\n<p>Impresi\u00f3n sobre tela 140 x 200 cm<br><\/p>\n\n\n\n<figure class=\"wp-block-image size-full\"><img loading=\"lazy\" decoding=\"async\" width=\"1741\" height=\"1247\" src=\"http:\/\/marianaheredia.es\/wp-content\/uploads\/2024\/02\/Inhalaciones.jpg\" alt=\"\" class=\"wp-image-727\" srcset=\"http:\/\/marianaheredia.es\/wp-content\/uploads\/2024\/02\/Inhalaciones.jpg 1741w, http:\/\/marianaheredia.es\/wp-content\/uploads\/2024\/02\/Inhalaciones-300x215.jpg 300w, http:\/\/marianaheredia.es\/wp-content\/uploads\/2024\/02\/Inhalaciones-1024x733.jpg 1024w, http:\/\/marianaheredia.es\/wp-content\/uploads\/2024\/02\/Inhalaciones-768x550.jpg 768w, http:\/\/marianaheredia.es\/wp-content\/uploads\/2024\/02\/Inhalaciones-1536x1100.jpg 1536w, http:\/\/marianaheredia.es\/wp-content\/uploads\/2024\/02\/Inhalaciones-500x358.jpg 500w, http:\/\/marianaheredia.es\/wp-content\/uploads\/2024\/02\/Inhalaciones-800x573.jpg 800w, http:\/\/marianaheredia.es\/wp-content\/uploads\/2024\/02\/Inhalaciones-1280x917.jpg 1280w, http:\/\/marianaheredia.es\/wp-content\/uploads\/2024\/02\/Inhalaciones-1200x860.jpg 1200w, http:\/\/marianaheredia.es\/wp-content\/uploads\/2024\/02\/Inhalaciones-1120x802.jpg 1120w, http:\/\/marianaheredia.es\/wp-content\/uploads\/2024\/02\/Inhalaciones-1140x817.jpg 1140w\" sizes=\"auto, (max-width: 1741px) 100vw, 1741px\" \/><\/figure>\n\n\n\n<figure class=\"wp-block-image alignwide size-full\"><img loading=\"lazy\" decoding=\"async\" width=\"2389\" height=\"1726\" src=\"http:\/\/marianaheredia.es\/wp-content\/uploads\/2024\/02\/IMG_20230721_165220-2_1.jpg\" alt=\"\" class=\"wp-image-732\" srcset=\"http:\/\/marianaheredia.es\/wp-content\/uploads\/2024\/02\/IMG_20230721_165220-2_1.jpg 2389w, http:\/\/marianaheredia.es\/wp-content\/uploads\/2024\/02\/IMG_20230721_165220-2_1-300x217.jpg 300w, http:\/\/marianaheredia.es\/wp-content\/uploads\/2024\/02\/IMG_20230721_165220-2_1-1024x740.jpg 1024w, http:\/\/marianaheredia.es\/wp-content\/uploads\/2024\/02\/IMG_20230721_165220-2_1-768x555.jpg 768w, http:\/\/marianaheredia.es\/wp-content\/uploads\/2024\/02\/IMG_20230721_165220-2_1-1536x1110.jpg 1536w, http:\/\/marianaheredia.es\/wp-content\/uploads\/2024\/02\/IMG_20230721_165220-2_1-2048x1480.jpg 2048w, http:\/\/marianaheredia.es\/wp-content\/uploads\/2024\/02\/IMG_20230721_165220-2_1-500x361.jpg 500w, http:\/\/marianaheredia.es\/wp-content\/uploads\/2024\/02\/IMG_20230721_165220-2_1-800x578.jpg 800w, http:\/\/marianaheredia.es\/wp-content\/uploads\/2024\/02\/IMG_20230721_165220-2_1-1280x925.jpg 1280w, http:\/\/marianaheredia.es\/wp-content\/uploads\/2024\/02\/IMG_20230721_165220-2_1-1920x1387.jpg 1920w, http:\/\/marianaheredia.es\/wp-content\/uploads\/2024\/02\/IMG_20230721_165220-2_1-1200x867.jpg 1200w, http:\/\/marianaheredia.es\/wp-content\/uploads\/2024\/02\/IMG_20230721_165220-2_1-1120x809.jpg 1120w, http:\/\/marianaheredia.es\/wp-content\/uploads\/2024\/02\/IMG_20230721_165220-2_1-1140x824.jpg 1140w\" sizes=\"auto, (max-width: 2389px) 100vw, 2389px\" \/><\/figure>\n\n\n\n<figure class=\"wp-block-image size-full is-resized\"><img loading=\"lazy\" decoding=\"async\" width=\"1663\" height=\"2500\" src=\"http:\/\/marianaheredia.es\/wp-content\/uploads\/2024\/02\/270723-pabloalbala-_DSC1792_1.jpg\" alt=\"\" class=\"wp-image-730\" style=\"width:840px;height:auto\" srcset=\"http:\/\/marianaheredia.es\/wp-content\/uploads\/2024\/02\/270723-pabloalbala-_DSC1792_1.jpg 1663w, http:\/\/marianaheredia.es\/wp-content\/uploads\/2024\/02\/270723-pabloalbala-_DSC1792_1-200x300.jpg 200w, http:\/\/marianaheredia.es\/wp-content\/uploads\/2024\/02\/270723-pabloalbala-_DSC1792_1-681x1024.jpg 681w, http:\/\/marianaheredia.es\/wp-content\/uploads\/2024\/02\/270723-pabloalbala-_DSC1792_1-768x1155.jpg 768w, http:\/\/marianaheredia.es\/wp-content\/uploads\/2024\/02\/270723-pabloalbala-_DSC1792_1-1022x1536.jpg 1022w, http:\/\/marianaheredia.es\/wp-content\/uploads\/2024\/02\/270723-pabloalbala-_DSC1792_1-1362x2048.jpg 1362w, http:\/\/marianaheredia.es\/wp-content\/uploads\/2024\/02\/270723-pabloalbala-_DSC1792_1-500x752.jpg 500w, http:\/\/marianaheredia.es\/wp-content\/uploads\/2024\/02\/270723-pabloalbala-_DSC1792_1-800x1203.jpg 800w, http:\/\/marianaheredia.es\/wp-content\/uploads\/2024\/02\/270723-pabloalbala-_DSC1792_1-1280x1924.jpg 1280w, http:\/\/marianaheredia.es\/wp-content\/uploads\/2024\/02\/270723-pabloalbala-_DSC1792_1-1200x1804.jpg 1200w, http:\/\/marianaheredia.es\/wp-content\/uploads\/2024\/02\/270723-pabloalbala-_DSC1792_1-1120x1684.jpg 1120w, http:\/\/marianaheredia.es\/wp-content\/uploads\/2024\/02\/270723-pabloalbala-_DSC1792_1-1140x1714.jpg 1140w\" sizes=\"auto, (max-width: 1663px) 100vw, 1663px\" \/><\/figure>\n\n\n\n<figure class=\"wp-block-image size-full\"><img loading=\"lazy\" decoding=\"async\" width=\"2560\" height=\"1707\" src=\"http:\/\/marianaheredia.es\/wp-content\/uploads\/2024\/02\/Intermitente_3-scaled.jpg\" alt=\"\" class=\"wp-image-679\" srcset=\"http:\/\/marianaheredia.es\/wp-content\/uploads\/2024\/02\/Intermitente_3-scaled.jpg 2560w, http:\/\/marianaheredia.es\/wp-content\/uploads\/2024\/02\/Intermitente_3-300x200.jpg 300w, http:\/\/marianaheredia.es\/wp-content\/uploads\/2024\/02\/Intermitente_3-1024x683.jpg 1024w, http:\/\/marianaheredia.es\/wp-content\/uploads\/2024\/02\/Intermitente_3-768x512.jpg 768w, http:\/\/marianaheredia.es\/wp-content\/uploads\/2024\/02\/Intermitente_3-1536x1024.jpg 1536w, http:\/\/marianaheredia.es\/wp-content\/uploads\/2024\/02\/Intermitente_3-2048x1365.jpg 2048w, http:\/\/marianaheredia.es\/wp-content\/uploads\/2024\/02\/Intermitente_3-500x333.jpg 500w, http:\/\/marianaheredia.es\/wp-content\/uploads\/2024\/02\/Intermitente_3-800x533.jpg 800w, http:\/\/marianaheredia.es\/wp-content\/uploads\/2024\/02\/Intermitente_3-1280x853.jpg 1280w, http:\/\/marianaheredia.es\/wp-content\/uploads\/2024\/02\/Intermitente_3-1920x1280.jpg 1920w, http:\/\/marianaheredia.es\/wp-content\/uploads\/2024\/02\/Intermitente_3-1200x800.jpg 1200w, http:\/\/marianaheredia.es\/wp-content\/uploads\/2024\/02\/Intermitente_3-1120x747.jpg 1120w, http:\/\/marianaheredia.es\/wp-content\/uploads\/2024\/02\/Intermitente_3-1140x760.jpg 1140w\" sizes=\"auto, (max-width: 2560px) 100vw, 2560px\" \/><\/figure>\n\n\n\n<figure class=\"wp-block-image alignwide size-full\"><img loading=\"lazy\" decoding=\"async\" width=\"2500\" height=\"1663\" src=\"http:\/\/marianaheredia.es\/wp-content\/uploads\/2024\/02\/270723-pabloalbala-_DSC1918.jpg\" alt=\"\" class=\"wp-image-696\" srcset=\"http:\/\/marianaheredia.es\/wp-content\/uploads\/2024\/02\/270723-pabloalbala-_DSC1918.jpg 2500w, http:\/\/marianaheredia.es\/wp-content\/uploads\/2024\/02\/270723-pabloalbala-_DSC1918-300x200.jpg 300w, http:\/\/marianaheredia.es\/wp-content\/uploads\/2024\/02\/270723-pabloalbala-_DSC1918-1024x681.jpg 1024w, http:\/\/marianaheredia.es\/wp-content\/uploads\/2024\/02\/270723-pabloalbala-_DSC1918-768x511.jpg 768w, http:\/\/marianaheredia.es\/wp-content\/uploads\/2024\/02\/270723-pabloalbala-_DSC1918-1536x1022.jpg 1536w, http:\/\/marianaheredia.es\/wp-content\/uploads\/2024\/02\/270723-pabloalbala-_DSC1918-2048x1362.jpg 2048w, http:\/\/marianaheredia.es\/wp-content\/uploads\/2024\/02\/270723-pabloalbala-_DSC1918-500x333.jpg 500w, http:\/\/marianaheredia.es\/wp-content\/uploads\/2024\/02\/270723-pabloalbala-_DSC1918-800x532.jpg 800w, http:\/\/marianaheredia.es\/wp-content\/uploads\/2024\/02\/270723-pabloalbala-_DSC1918-1280x851.jpg 1280w, http:\/\/marianaheredia.es\/wp-content\/uploads\/2024\/02\/270723-pabloalbala-_DSC1918-1920x1277.jpg 1920w, http:\/\/marianaheredia.es\/wp-content\/uploads\/2024\/02\/270723-pabloalbala-_DSC1918-1200x798.jpg 1200w, http:\/\/marianaheredia.es\/wp-content\/uploads\/2024\/02\/270723-pabloalbala-_DSC1918-1120x745.jpg 1120w, http:\/\/marianaheredia.es\/wp-content\/uploads\/2024\/02\/270723-pabloalbala-_DSC1918-1140x758.jpg 1140w\" sizes=\"auto, (max-width: 2500px) 100vw, 2500px\" \/><\/figure>\n\n\n\n<figure class=\"wp-block-image alignwide size-full\"><img loading=\"lazy\" decoding=\"async\" width=\"1920\" height=\"1080\" src=\"http:\/\/marianaheredia.es\/wp-content\/uploads\/2024\/02\/vlcsnap-2017-10-13-12h24m31s485.jpg\" alt=\"\" class=\"wp-image-686\" srcset=\"http:\/\/marianaheredia.es\/wp-content\/uploads\/2024\/02\/vlcsnap-2017-10-13-12h24m31s485.jpg 1920w, http:\/\/marianaheredia.es\/wp-content\/uploads\/2024\/02\/vlcsnap-2017-10-13-12h24m31s485-300x169.jpg 300w, http:\/\/marianaheredia.es\/wp-content\/uploads\/2024\/02\/vlcsnap-2017-10-13-12h24m31s485-1024x576.jpg 1024w, http:\/\/marianaheredia.es\/wp-content\/uploads\/2024\/02\/vlcsnap-2017-10-13-12h24m31s485-768x432.jpg 768w, http:\/\/marianaheredia.es\/wp-content\/uploads\/2024\/02\/vlcsnap-2017-10-13-12h24m31s485-1536x864.jpg 1536w, http:\/\/marianaheredia.es\/wp-content\/uploads\/2024\/02\/vlcsnap-2017-10-13-12h24m31s485-500x281.jpg 500w, http:\/\/marianaheredia.es\/wp-content\/uploads\/2024\/02\/vlcsnap-2017-10-13-12h24m31s485-800x450.jpg 800w, http:\/\/marianaheredia.es\/wp-content\/uploads\/2024\/02\/vlcsnap-2017-10-13-12h24m31s485-1280x720.jpg 1280w, http:\/\/marianaheredia.es\/wp-content\/uploads\/2024\/02\/vlcsnap-2017-10-13-12h24m31s485-1200x675.jpg 1200w, http:\/\/marianaheredia.es\/wp-content\/uploads\/2024\/02\/vlcsnap-2017-10-13-12h24m31s485-1120x630.jpg 1120w, http:\/\/marianaheredia.es\/wp-content\/uploads\/2024\/02\/vlcsnap-2017-10-13-12h24m31s485-1140x641.jpg 1140w\" sizes=\"auto, (max-width: 1920px) 100vw, 1920px\" \/><\/figure>\n\n\n\n<figure class=\"wp-block-image size-full\"><img loading=\"lazy\" decoding=\"async\" width=\"1726\" height=\"970\" src=\"http:\/\/marianaheredia.es\/wp-content\/uploads\/2024\/02\/Intermitente_4-1.jpg\" alt=\"\" class=\"wp-image-683\" srcset=\"http:\/\/marianaheredia.es\/wp-content\/uploads\/2024\/02\/Intermitente_4-1.jpg 1726w, http:\/\/marianaheredia.es\/wp-content\/uploads\/2024\/02\/Intermitente_4-1-300x169.jpg 300w, http:\/\/marianaheredia.es\/wp-content\/uploads\/2024\/02\/Intermitente_4-1-1024x575.jpg 1024w, http:\/\/marianaheredia.es\/wp-content\/uploads\/2024\/02\/Intermitente_4-1-768x432.jpg 768w, http:\/\/marianaheredia.es\/wp-content\/uploads\/2024\/02\/Intermitente_4-1-1536x863.jpg 1536w, http:\/\/marianaheredia.es\/wp-content\/uploads\/2024\/02\/Intermitente_4-1-500x281.jpg 500w, http:\/\/marianaheredia.es\/wp-content\/uploads\/2024\/02\/Intermitente_4-1-800x450.jpg 800w, http:\/\/marianaheredia.es\/wp-content\/uploads\/2024\/02\/Intermitente_4-1-1280x719.jpg 1280w, http:\/\/marianaheredia.es\/wp-content\/uploads\/2024\/02\/Intermitente_4-1-1200x674.jpg 1200w, http:\/\/marianaheredia.es\/wp-content\/uploads\/2024\/02\/Intermitente_4-1-1120x629.jpg 1120w, http:\/\/marianaheredia.es\/wp-content\/uploads\/2024\/02\/Intermitente_4-1-1140x641.jpg 1140w\" sizes=\"auto, (max-width: 1726px) 100vw, 1726px\" \/><\/figure>\n\n\n\n<p>V\u00eddeos HD Pelota y olas 14\u00b439\u00b4\u00b4\/ Noria 13\u00b4 53\u00b4\u00b4\/  Intermitente 4\u00b4 33\u00b4\u00b4<\/p>\n\n\n\n<p><\/p>\n\n\n\n<p><\/p>\n\n\n\n<p>Un coche parado en medio de la noche con los intermitentes puestos abre la exposici\u00f3n, dando a entender que aqu\u00ed no se circula a la velocidad habitual porque no todo est\u00e1 alumbrado con la misma intensidad y la oscuridad demanda una especie de calmada inmovilidad.<\/p>\n\n\n\n<p><br>La mujer en la orilla inclinada hacia el agua representa ese impulso de querer ver n\u00edtidamente lo que tenemos delante, sin embargo las olas desdibujan el fondo y tenemos que entornar los ojos, diluir la vista, dialogar con la realidad en otra capa diferente.<br><br>Al fondo de la sala vemos un horizonte de \u00e1rboles agitados por una suave brisa y la estructura<br>met\u00e1lica de una gran noria que emerge entre ellos, arm\u00e1ndose tramo a tramo. La noria,<br>impresionada en nuestra memoria din\u00e1mica, girando, completa, se presenta aqu\u00ed como un<br>armaz\u00f3n discontinuo, componi\u00e9ndose con el sonido met\u00e1lico que brevemente inunda el<br>espacio.<\/p>\n\n\n\n<p><br>A su lado una peque\u00f1a pelota vieja girando entre los dedos. Dentro hay una imagen que apenas llega a distinguirse. Se perciben con intensidad las texturas de ambos elementos, las l\u00edneas de la piel y las grietas de la pelota que nos hablan de una cierta temporalidad. Le sucede una grabaci\u00f3n nocturna de una masa de agua iluminada por los destellos de unos fuegos artificiales.<\/p>\n\n\n\n<p><br>Tanto la noria como la pelota son elementos que giran, contienen en s\u00ed mismos una rotaci\u00f3n. La imagen del movimiento rotatorio del ojo me acompa\u00f1a en el desarrollo de este proyecto. Un p\u00e1rpado descendente que lo cubre, humect\u00e1ndolo, cuid\u00e1ndolo de una especie de fatiga que no se localiza solo en la superficie ocular sino mucho m\u00e1s adentro.<\/p>\n\n\n\n<p>Pienso el parpadeo como un micro intervalo donde dejamos deshacerse al ojo. Estas piezas nos hablan desde ese lugar, desde esas fracciones de segundo que dura un parpadeo, una pausa min\u00fascula necesaria para empujar las im\u00e1genes hacia el fondo del ojo, condensarlas poco a poco y ver qu\u00e9 poso han dejado en nosotras.<\/p>\n","protected":false},"excerpt":{"rendered":"<p>La capa de polvo que conserva el calor y lo mantiene todo m\u00e1s o menos en su sitio. Tramo a tramo configurar el c\u00edrculo entre la densa vegetaci\u00f3n,pelota de goma rotando entre los dedos. Parpadeo Los contornos aparecen definidos por un momento m\u00e1s breve que uninstante entonces resbalan y se entrecortan Parece que va buscando,hundiendo &hellip; <\/p>\n<p class=\"link-more\"><a href=\"http:\/\/marianaheredia.es\/?page_id=505\" class=\"more-link\">Continue reading<span class=\"screen-reader-text\"> &#8220;Intermitente&#8221;<\/span><\/a><\/p>\n","protected":false},"author":1,"featured_media":0,"parent":0,"menu_order":0,"comment_status":"closed","ping_status":"closed","template":"","meta":{"_vp_format_video_url":"","_vp_image_focal_point":[],"footnotes":""},"class_list":["post-505","page","type-page","status-publish","hentry","no-thumbnail"],"_links":{"self":[{"href":"http:\/\/marianaheredia.es\/index.php?rest_route=\/wp\/v2\/pages\/505","targetHints":{"allow":["GET"]}}],"collection":[{"href":"http:\/\/marianaheredia.es\/index.php?rest_route=\/wp\/v2\/pages"}],"about":[{"href":"http:\/\/marianaheredia.es\/index.php?rest_route=\/wp\/v2\/types\/page"}],"author":[{"embeddable":true,"href":"http:\/\/marianaheredia.es\/index.php?rest_route=\/wp\/v2\/users\/1"}],"replies":[{"embeddable":true,"href":"http:\/\/marianaheredia.es\/index.php?rest_route=%2Fwp%2Fv2%2Fcomments&post=505"}],"version-history":[{"count":81,"href":"http:\/\/marianaheredia.es\/index.php?rest_route=\/wp\/v2\/pages\/505\/revisions"}],"predecessor-version":[{"id":755,"href":"http:\/\/marianaheredia.es\/index.php?rest_route=\/wp\/v2\/pages\/505\/revisions\/755"}],"wp:attachment":[{"href":"http:\/\/marianaheredia.es\/index.php?rest_route=%2Fwp%2Fv2%2Fmedia&parent=505"}],"curies":[{"name":"wp","href":"https:\/\/api.w.org\/{rel}","templated":true}]}}