{"id":56,"date":"2019-03-04T16:46:49","date_gmt":"2019-03-04T16:46:49","guid":{"rendered":"http:\/\/marianaheredia.es\/?page_id=56"},"modified":"2019-07-29T07:30:12","modified_gmt":"2019-07-29T07:30:12","slug":"particulas-en-masas","status":"publish","type":"page","link":"http:\/\/marianaheredia.es\/?page_id=56","title":{"rendered":"Part\u00edculas en Masas"},"content":{"rendered":"\n<p class=\"has-small-font-size\"><em>Part\u00edculas en Masas <\/em>es una serie de mesas entendidas como soporte horizontal suceptible al cambio. Sobre ellas  se agrupan varios objetos e im\u00e1genes a trav\u00e9s de un sistema muy primario de clasificaci\u00f3n tanto reflexivo como intuitivo de las cosas. <\/p>\n\n\n\n<p class=\"has-small-font-size\">El proceso consiste en una aproximaci\u00f3n por tanteo a la realidad, una acumulaci\u00f3n de los trozos dispersos que la componen y en los que se percibe un car\u00e1cter de hallazgo, dado que en gran parte se trata de objetos encontrados.  <\/p>\n\n\n\n<p class=\"has-small-font-size\">Las capas de significado se yuxtaponen y cruzan continuamente saltando de lo muy concreto, como es cada objeto en s\u00ed, a algo que es m\u00e1s dif\u00edcil de capturar, los intervalos entre objeto y objeto y el di\u00e1logo que generan al agruparse. Hay un hilo invisible que engarza temporalmente estas part\u00edculas y es la mesa como soporte la que como una especie de pegamento, re\u00fane esas part\u00edculas que entran y salen de la narraci\u00f3n mental. La intermitencia de estos hilos conectores se parece al acto de parpadear y de c\u00f3mo el p\u00e1rpado se cierra para humedecer el ojo, introduciendo pausas inconscientes  y necesarias en el acto de mirar.<\/p>\n\n\n\n<p style=\"font-size:11px\">\u201cA menudo nos encontramos enfrentados a un inmenso y rizom\u00e1tico archivo de im\u00e1genes heterog\u00e9nas dif\u00edcil de dominar, de organizar y de entender, precisamente porque su laberinto est\u00e1 hecho de intervalos y lagunas tanto como de cosas observables. Intentar hacer una arqueolog\u00eda siempre es arriesgarse a poner, los unos junto a los otros, trozos de cosas supervivientes, necesariamente heterog\u00e9neas y anacr\u00f3nicas puesto que vienen de lugares separados y de tiempos desunidos por lagunas. Ese riesgo tiene por nombre imaginaci\u00f3n y montaje\u201d<\/p>\n\n\n\n<p style=\"font-size:11px;text-align:right\"><em>Cuando las im\u00e1genes tocan lo real<\/em>, Georges Didi-Hubermann<\/p>\n\n\n\n<p><\/p>\n\n\n\n<div style=\"height:100px\" aria-hidden=\"true\" class=\"wp-block-spacer\"><\/div>\n\n\n\n<p style=\"font-size:17px;text-align:center\">EL SUBSUELO<\/p>\n\n\n\n<p><\/p>\n\n\n\n<p style=\"font-size:11px\">Instalaci\u00f3n de tableros de aglomerado, pantallas y varios elementos*<br>\n50 x 244 x 122 cm<\/p>\n\n\n\n<p style=\"font-size:11px\">1.India detr\u00e1s de contenedor y pl\u00e1sticos de diferentes espesores\/ 2. V\u00eddeo fin de la jornada laboral\/ 3. Erika Sulzer-Kleinemeier \u201cOstermarsch \u201968 gegen Notstandsgesetze\u201d 1968, monta\u00f1a de confeti y mujer encima, alambre de toma de tierra\/ 4. Pieza redonda oxidada\/ 5. Goma del visor de una c\u00e1mara de fotos, parte de una botella de spray azul manchada de rosa, marco de una gafa de bucear\/ 5. Restos de cer\u00e1mica\/ 6. Pa\u00f1uelo incrustado en adoquines, rotonda a vista de p\u00e1jaro\/ 6. Insectos agrupados en baldosas\/ 7. Trozo de papel arrancado de una pared\/ 8. Cuatro tapas protectoras de extremos de diferentes utensilios\/ 9. Trozos de cer\u00e1mica con rayas azules\/ 10. Media bola verde y planta artificial\/ 11. Cuatro fragmentos: un CD, un azulejo, un trozo de cristal irisado, trozo met\u00e1lico rojo\/ 12. Marco \/ 13. Video olas que se iluminan\/ 14. Algas blancas y verdes y cristal encima\/ 15. Piedra de aglomerado, un trozo de galipote, goma antideslizante, asfalto\/ 16. Boquilla para inflar y parches para reparar neum\u00e1ticos\/ 17. Punto fosforescente en la pared\/ 18. L\u00e1mpara para  proyector\/ 19. Pel\u00edcula velada enroscada\/ 20. Cinta aislante\/ 21. Papel de aluminio\/ 22.Protector de auricular<\/p>\n\n\n\n<figure class=\"wp-block-image alignwide\"><img loading=\"lazy\" decoding=\"async\" width=\"1024\" height=\"682\" src=\"http:\/\/marianaheredia.es\/wp-content\/uploads\/2019\/03\/IMG_0096_web-1024x682.jpg\" alt=\"\" class=\"wp-image-217\" srcset=\"http:\/\/marianaheredia.es\/wp-content\/uploads\/2019\/03\/IMG_0096_web-1024x682.jpg 1024w, http:\/\/marianaheredia.es\/wp-content\/uploads\/2019\/03\/IMG_0096_web-300x200.jpg 300w, http:\/\/marianaheredia.es\/wp-content\/uploads\/2019\/03\/IMG_0096_web-768x512.jpg 768w, http:\/\/marianaheredia.es\/wp-content\/uploads\/2019\/03\/IMG_0096_web-500x333.jpg 500w, http:\/\/marianaheredia.es\/wp-content\/uploads\/2019\/03\/IMG_0096_web-800x533.jpg 800w, http:\/\/marianaheredia.es\/wp-content\/uploads\/2019\/03\/IMG_0096_web-1280x853.jpg 1280w, http:\/\/marianaheredia.es\/wp-content\/uploads\/2019\/03\/IMG_0096_web-1920x1279.jpg 1920w, http:\/\/marianaheredia.es\/wp-content\/uploads\/2019\/03\/IMG_0096_web-1200x800.jpg 1200w, http:\/\/marianaheredia.es\/wp-content\/uploads\/2019\/03\/IMG_0096_web-560x373.jpg 560w, http:\/\/marianaheredia.es\/wp-content\/uploads\/2019\/03\/IMG_0096_web-1140x760.jpg 1140w\" sizes=\"auto, (max-width: 1024px) 100vw, 1024px\" \/><\/figure>\n\n\n\n<figure class=\"wp-block-image alignwide\"><img loading=\"lazy\" decoding=\"async\" width=\"1024\" height=\"683\" src=\"http:\/\/marianaheredia.es\/wp-content\/uploads\/2019\/03\/IMG_0091web-1024x683.jpg\" alt=\"\" class=\"wp-image-218\" srcset=\"http:\/\/marianaheredia.es\/wp-content\/uploads\/2019\/03\/IMG_0091web-1024x683.jpg 1024w, http:\/\/marianaheredia.es\/wp-content\/uploads\/2019\/03\/IMG_0091web-300x200.jpg 300w, http:\/\/marianaheredia.es\/wp-content\/uploads\/2019\/03\/IMG_0091web-768x512.jpg 768w, http:\/\/marianaheredia.es\/wp-content\/uploads\/2019\/03\/IMG_0091web-500x333.jpg 500w, http:\/\/marianaheredia.es\/wp-content\/uploads\/2019\/03\/IMG_0091web-800x533.jpg 800w, http:\/\/marianaheredia.es\/wp-content\/uploads\/2019\/03\/IMG_0091web-1280x854.jpg 1280w, http:\/\/marianaheredia.es\/wp-content\/uploads\/2019\/03\/IMG_0091web-1920x1280.jpg 1920w, http:\/\/marianaheredia.es\/wp-content\/uploads\/2019\/03\/IMG_0091web-1200x800.jpg 1200w, http:\/\/marianaheredia.es\/wp-content\/uploads\/2019\/03\/IMG_0091web-560x373.jpg 560w, http:\/\/marianaheredia.es\/wp-content\/uploads\/2019\/03\/IMG_0091web-1140x760.jpg 1140w\" sizes=\"auto, (max-width: 1024px) 100vw, 1024px\" \/><\/figure>\n\n\n\n<ul class=\"wp-block-gallery alignwide columns-2 is-cropped wp-block-gallery-1 is-layout-flex wp-block-gallery-is-layout-flex\"><li class=\"blocks-gallery-item\"><figure><img loading=\"lazy\" decoding=\"async\" width=\"666\" height=\"1024\" src=\"http:\/\/marianaheredia.es\/wp-content\/uploads\/2019\/03\/IMG_6291_1_web-1-666x1024.jpg\" alt=\"\" data-id=\"220\" data-link=\"http:\/\/marianaheredia.es\/?attachment_id=220\" class=\"wp-image-220\" srcset=\"http:\/\/marianaheredia.es\/wp-content\/uploads\/2019\/03\/IMG_6291_1_web-1-666x1024.jpg 666w, http:\/\/marianaheredia.es\/wp-content\/uploads\/2019\/03\/IMG_6291_1_web-1-195x300.jpg 195w, http:\/\/marianaheredia.es\/wp-content\/uploads\/2019\/03\/IMG_6291_1_web-1-768x1181.jpg 768w, http:\/\/marianaheredia.es\/wp-content\/uploads\/2019\/03\/IMG_6291_1_web-1-325x500.jpg 325w, http:\/\/marianaheredia.es\/wp-content\/uploads\/2019\/03\/IMG_6291_1_web-1-520x800.jpg 520w, http:\/\/marianaheredia.es\/wp-content\/uploads\/2019\/03\/IMG_6291_1_web-1-832x1280.jpg 832w, http:\/\/marianaheredia.es\/wp-content\/uploads\/2019\/03\/IMG_6291_1_web-1-1249x1920.jpg 1249w, http:\/\/marianaheredia.es\/wp-content\/uploads\/2019\/03\/IMG_6291_1_web-1-1200x1845.jpg 1200w, http:\/\/marianaheredia.es\/wp-content\/uploads\/2019\/03\/IMG_6291_1_web-1-560x861.jpg 560w\" sizes=\"auto, (max-width: 666px) 100vw, 666px\" \/><\/figure><\/li><li class=\"blocks-gallery-item\"><figure><img loading=\"lazy\" decoding=\"async\" width=\"683\" height=\"1024\" src=\"http:\/\/marianaheredia.es\/wp-content\/uploads\/2019\/03\/IMG_6334MO_web-683x1024.jpg\" alt=\"\" data-id=\"221\" data-link=\"http:\/\/marianaheredia.es\/?attachment_id=221\" class=\"wp-image-221\" srcset=\"http:\/\/marianaheredia.es\/wp-content\/uploads\/2019\/03\/IMG_6334MO_web-683x1024.jpg 683w, http:\/\/marianaheredia.es\/wp-content\/uploads\/2019\/03\/IMG_6334MO_web-200x300.jpg 200w, http:\/\/marianaheredia.es\/wp-content\/uploads\/2019\/03\/IMG_6334MO_web-768x1152.jpg 768w, http:\/\/marianaheredia.es\/wp-content\/uploads\/2019\/03\/IMG_6334MO_web-333x500.jpg 333w, http:\/\/marianaheredia.es\/wp-content\/uploads\/2019\/03\/IMG_6334MO_web-533x800.jpg 533w, http:\/\/marianaheredia.es\/wp-content\/uploads\/2019\/03\/IMG_6334MO_web-853x1280.jpg 853w, http:\/\/marianaheredia.es\/wp-content\/uploads\/2019\/03\/IMG_6334MO_web-1280x1920.jpg 1280w, http:\/\/marianaheredia.es\/wp-content\/uploads\/2019\/03\/IMG_6334MO_web-1200x1800.jpg 1200w, http:\/\/marianaheredia.es\/wp-content\/uploads\/2019\/03\/IMG_6334MO_web-560x840.jpg 560w\" sizes=\"auto, (max-width: 683px) 100vw, 683px\" \/><\/figure><\/li><\/ul>\n\n\n\n<figure class=\"wp-block-image alignwide\"><img loading=\"lazy\" decoding=\"async\" width=\"1024\" height=\"683\" src=\"http:\/\/marianaheredia.es\/wp-content\/uploads\/2019\/03\/IMG_9528_A_web-1024x683.jpg\" alt=\"\" class=\"wp-image-223\" srcset=\"http:\/\/marianaheredia.es\/wp-content\/uploads\/2019\/03\/IMG_9528_A_web-1024x683.jpg 1024w, http:\/\/marianaheredia.es\/wp-content\/uploads\/2019\/03\/IMG_9528_A_web-300x200.jpg 300w, http:\/\/marianaheredia.es\/wp-content\/uploads\/2019\/03\/IMG_9528_A_web-768x512.jpg 768w, http:\/\/marianaheredia.es\/wp-content\/uploads\/2019\/03\/IMG_9528_A_web-500x333.jpg 500w, http:\/\/marianaheredia.es\/wp-content\/uploads\/2019\/03\/IMG_9528_A_web-800x533.jpg 800w, http:\/\/marianaheredia.es\/wp-content\/uploads\/2019\/03\/IMG_9528_A_web-1280x853.jpg 1280w, http:\/\/marianaheredia.es\/wp-content\/uploads\/2019\/03\/IMG_9528_A_web-1920x1280.jpg 1920w, http:\/\/marianaheredia.es\/wp-content\/uploads\/2019\/03\/IMG_9528_A_web-1200x800.jpg 1200w, http:\/\/marianaheredia.es\/wp-content\/uploads\/2019\/03\/IMG_9528_A_web-560x373.jpg 560w, http:\/\/marianaheredia.es\/wp-content\/uploads\/2019\/03\/IMG_9528_A_web-1140x760.jpg 1140w\" sizes=\"auto, (max-width: 1024px) 100vw, 1024px\" \/><\/figure>\n\n\n\n<figure class=\"wp-block-image alignwide\"><img loading=\"lazy\" decoding=\"async\" width=\"1024\" height=\"678\" src=\"http:\/\/marianaheredia.es\/wp-content\/uploads\/2019\/03\/IMG_6342MO_web-1024x678.jpg\" alt=\"\" class=\"wp-image-222\" srcset=\"http:\/\/marianaheredia.es\/wp-content\/uploads\/2019\/03\/IMG_6342MO_web-1024x678.jpg 1024w, http:\/\/marianaheredia.es\/wp-content\/uploads\/2019\/03\/IMG_6342MO_web-300x199.jpg 300w, http:\/\/marianaheredia.es\/wp-content\/uploads\/2019\/03\/IMG_6342MO_web-768x509.jpg 768w, http:\/\/marianaheredia.es\/wp-content\/uploads\/2019\/03\/IMG_6342MO_web-500x331.jpg 500w, http:\/\/marianaheredia.es\/wp-content\/uploads\/2019\/03\/IMG_6342MO_web-800x530.jpg 800w, http:\/\/marianaheredia.es\/wp-content\/uploads\/2019\/03\/IMG_6342MO_web-1280x848.jpg 1280w, http:\/\/marianaheredia.es\/wp-content\/uploads\/2019\/03\/IMG_6342MO_web.jpg 1920w, http:\/\/marianaheredia.es\/wp-content\/uploads\/2019\/03\/IMG_6342MO_web-1200x795.jpg 1200w, http:\/\/marianaheredia.es\/wp-content\/uploads\/2019\/03\/IMG_6342MO_web-560x371.jpg 560w\" sizes=\"auto, (max-width: 1024px) 100vw, 1024px\" \/><figcaption> 18 Muestra de Artes Pl\u00e1sticas del Principado de Asturias  \u2013 Sala de Arte Joven, Madrid 2018 <\/figcaption><\/figure>\n\n\n\n<div style=\"height:100px\" aria-hidden=\"true\" class=\"wp-block-spacer\"><\/div>\n\n\n\n<p style=\"text-align:center\">EL POLVO QUE SE POSA<\/p>\n\n\n\n<p style=\"font-size:11px\">Instalaci\u00f3n<br> Mesa 140 x 68 cm<\/p>\n\n\n\n<p style=\"font-size:11px\">1.Balones y troncos flotando en una presa y cortina en escaparate\/ 2. Tarro de mermelada estrellado en el asfalto y un cristal partido\/ 3. Desechos met\u00e1licos y desechos met\u00e1licos cortados en tiras\/ 4. Cables trenzados. \/ 5. Confeti sucio con tapa transparente 6. Robot placa solar con fotograf\u00eda\/ 7. Parches para reparar neum\u00e1ticos\/ 8. Rect\u00e1ngulo de conglomerado aislante\/ 9. C\u00edrculo antideslizante\/ 10. Boquilla de colchoneta\/ 11. Corchetes\/ 12. Tres ventanas y un pa\u00f1uelo granate\/ 13. Goma de sujeci\u00f3n amarilla con ganchos\/ 14. Marco dorado\/ 15. Pa\u00f1uelo metido entre adoquines\/ 16. Enganches\/ 17. Plato partido\/ 18. Tapa de tac\u00f3n\/ 19. Caballo tumbado de espaldas\/ 20. Hueso de la pata de un caballo\/ 21. Rollo de papel aluminio azul\/ 22. Grupo de gente y perro caminando\/ 23. Hojas pintadas con spray de obra\/ 24. Disco reflectante\/ 25. Cierres con fechas impresas dentro de un marco\/ 26. Cuerdas\/ 27. Dos personas haciendo inhalaciones (Helke y Thomas Bayrle, Steffi Hartl, Udo Koch, fotograma del v\u00eddeo \u201cKamillendampfbad\u201d, 1996)\/ 28. Tirar de aqu\u00ed\/ 29. Maletas girando en cinta transportadora<\/p>\n\n\n\n<figure class=\"wp-block-image alignwide\"><img loading=\"lazy\" decoding=\"async\" width=\"1024\" height=\"575\" src=\"http:\/\/marianaheredia.es\/wp-content\/uploads\/2019\/03\/vlcsnap-2015-10-14-12h20m06s88web-1-1024x575.jpg\" alt=\"\" class=\"wp-image-238\" srcset=\"http:\/\/marianaheredia.es\/wp-content\/uploads\/2019\/03\/vlcsnap-2015-10-14-12h20m06s88web-1-1024x575.jpg 1024w, http:\/\/marianaheredia.es\/wp-content\/uploads\/2019\/03\/vlcsnap-2015-10-14-12h20m06s88web-1-300x169.jpg 300w, http:\/\/marianaheredia.es\/wp-content\/uploads\/2019\/03\/vlcsnap-2015-10-14-12h20m06s88web-1-768x431.jpg 768w, http:\/\/marianaheredia.es\/wp-content\/uploads\/2019\/03\/vlcsnap-2015-10-14-12h20m06s88web-1-500x281.jpg 500w, http:\/\/marianaheredia.es\/wp-content\/uploads\/2019\/03\/vlcsnap-2015-10-14-12h20m06s88web-1-800x449.jpg 800w, http:\/\/marianaheredia.es\/wp-content\/uploads\/2019\/03\/vlcsnap-2015-10-14-12h20m06s88web-1-1280x719.jpg 1280w, http:\/\/marianaheredia.es\/wp-content\/uploads\/2019\/03\/vlcsnap-2015-10-14-12h20m06s88web-1-1200x674.jpg 1200w, http:\/\/marianaheredia.es\/wp-content\/uploads\/2019\/03\/vlcsnap-2015-10-14-12h20m06s88web-1-560x315.jpg 560w, http:\/\/marianaheredia.es\/wp-content\/uploads\/2019\/03\/vlcsnap-2015-10-14-12h20m06s88web-1.jpg 1814w\" sizes=\"auto, (max-width: 1024px) 100vw, 1024px\" \/><\/figure>\n\n\n\n<ul class=\"wp-block-gallery alignwide columns-2 is-cropped wp-block-gallery-2 is-layout-flex wp-block-gallery-is-layout-flex\"><li class=\"blocks-gallery-item\"><figure><img loading=\"lazy\" decoding=\"async\" width=\"683\" height=\"1024\" src=\"http:\/\/marianaheredia.es\/wp-content\/uploads\/2019\/03\/IMG_9278_web-683x1024.jpg\" alt=\"\" data-id=\"234\" data-link=\"http:\/\/marianaheredia.es\/?attachment_id=234\" class=\"wp-image-234\" srcset=\"http:\/\/marianaheredia.es\/wp-content\/uploads\/2019\/03\/IMG_9278_web-683x1024.jpg 683w, http:\/\/marianaheredia.es\/wp-content\/uploads\/2019\/03\/IMG_9278_web-200x300.jpg 200w, http:\/\/marianaheredia.es\/wp-content\/uploads\/2019\/03\/IMG_9278_web-768x1152.jpg 768w, http:\/\/marianaheredia.es\/wp-content\/uploads\/2019\/03\/IMG_9278_web-333x500.jpg 333w, http:\/\/marianaheredia.es\/wp-content\/uploads\/2019\/03\/IMG_9278_web-533x800.jpg 533w, http:\/\/marianaheredia.es\/wp-content\/uploads\/2019\/03\/IMG_9278_web-853x1280.jpg 853w, http:\/\/marianaheredia.es\/wp-content\/uploads\/2019\/03\/IMG_9278_web-1280x1920.jpg 1280w, http:\/\/marianaheredia.es\/wp-content\/uploads\/2019\/03\/IMG_9278_web-1200x1800.jpg 1200w, http:\/\/marianaheredia.es\/wp-content\/uploads\/2019\/03\/IMG_9278_web-560x840.jpg 560w\" sizes=\"auto, (max-width: 683px) 100vw, 683px\" \/><\/figure><\/li><li class=\"blocks-gallery-item\"><figure><img loading=\"lazy\" decoding=\"async\" width=\"683\" height=\"1024\" src=\"http:\/\/marianaheredia.es\/wp-content\/uploads\/2019\/06\/IMG_9293-683x1024.jpg\" alt=\"\" data-id=\"393\" data-link=\"http:\/\/marianaheredia.es\/?attachment_id=393\" class=\"wp-image-393\" srcset=\"http:\/\/marianaheredia.es\/wp-content\/uploads\/2019\/06\/IMG_9293-683x1024.jpg 683w, http:\/\/marianaheredia.es\/wp-content\/uploads\/2019\/06\/IMG_9293-200x300.jpg 200w, http:\/\/marianaheredia.es\/wp-content\/uploads\/2019\/06\/IMG_9293-768x1152.jpg 768w, http:\/\/marianaheredia.es\/wp-content\/uploads\/2019\/06\/IMG_9293-333x500.jpg 333w, http:\/\/marianaheredia.es\/wp-content\/uploads\/2019\/06\/IMG_9293-533x800.jpg 533w, http:\/\/marianaheredia.es\/wp-content\/uploads\/2019\/06\/IMG_9293-853x1280.jpg 853w, http:\/\/marianaheredia.es\/wp-content\/uploads\/2019\/06\/IMG_9293-1280x1920.jpg 1280w, http:\/\/marianaheredia.es\/wp-content\/uploads\/2019\/06\/IMG_9293-1200x1800.jpg 1200w, http:\/\/marianaheredia.es\/wp-content\/uploads\/2019\/06\/IMG_9293-560x840.jpg 560w\" sizes=\"auto, (max-width: 683px) 100vw, 683px\" \/><\/figure><\/li><\/ul>\n\n\n\n<ul class=\"wp-block-gallery alignwide columns-2 is-cropped wp-block-gallery-3 is-layout-flex wp-block-gallery-is-layout-flex\"><li class=\"blocks-gallery-item\"><figure><img loading=\"lazy\" decoding=\"async\" width=\"772\" height=\"1024\" src=\"http:\/\/marianaheredia.es\/wp-content\/uploads\/2019\/03\/IMG_0636Aweb-772x1024.jpg\" alt=\"\" data-id=\"355\" data-link=\"http:\/\/marianaheredia.es\/?attachment_id=355\" class=\"wp-image-355\" srcset=\"http:\/\/marianaheredia.es\/wp-content\/uploads\/2019\/03\/IMG_0636Aweb-772x1024.jpg 772w, http:\/\/marianaheredia.es\/wp-content\/uploads\/2019\/03\/IMG_0636Aweb-226x300.jpg 226w, http:\/\/marianaheredia.es\/wp-content\/uploads\/2019\/03\/IMG_0636Aweb-768x1019.jpg 768w, http:\/\/marianaheredia.es\/wp-content\/uploads\/2019\/03\/IMG_0636Aweb-377x500.jpg 377w, http:\/\/marianaheredia.es\/wp-content\/uploads\/2019\/03\/IMG_0636Aweb-603x800.jpg 603w, http:\/\/marianaheredia.es\/wp-content\/uploads\/2019\/03\/IMG_0636Aweb-965x1280.jpg 965w, http:\/\/marianaheredia.es\/wp-content\/uploads\/2019\/03\/IMG_0636Aweb-1447x1920.jpg 1447w, http:\/\/marianaheredia.es\/wp-content\/uploads\/2019\/03\/IMG_0636Aweb-1200x1592.jpg 1200w, http:\/\/marianaheredia.es\/wp-content\/uploads\/2019\/03\/IMG_0636Aweb-560x743.jpg 560w\" sizes=\"auto, (max-width: 772px) 100vw, 772px\" \/><\/figure><\/li><li class=\"blocks-gallery-item\"><figure><img loading=\"lazy\" decoding=\"async\" width=\"775\" height=\"1024\" src=\"http:\/\/marianaheredia.es\/wp-content\/uploads\/2019\/03\/Untitled-1web-775x1024.jpg\" alt=\"\" data-id=\"356\" data-link=\"http:\/\/marianaheredia.es\/?attachment_id=356\" class=\"wp-image-356\" srcset=\"http:\/\/marianaheredia.es\/wp-content\/uploads\/2019\/03\/Untitled-1web-775x1024.jpg 775w, http:\/\/marianaheredia.es\/wp-content\/uploads\/2019\/03\/Untitled-1web-227x300.jpg 227w, http:\/\/marianaheredia.es\/wp-content\/uploads\/2019\/03\/Untitled-1web-768x1015.jpg 768w, http:\/\/marianaheredia.es\/wp-content\/uploads\/2019\/03\/Untitled-1web-378x500.jpg 378w, http:\/\/marianaheredia.es\/wp-content\/uploads\/2019\/03\/Untitled-1web-605x800.jpg 605w, http:\/\/marianaheredia.es\/wp-content\/uploads\/2019\/03\/Untitled-1web-969x1280.jpg 969w, http:\/\/marianaheredia.es\/wp-content\/uploads\/2019\/03\/Untitled-1web-1453x1920.jpg 1453w, http:\/\/marianaheredia.es\/wp-content\/uploads\/2019\/03\/Untitled-1web-1200x1586.jpg 1200w, http:\/\/marianaheredia.es\/wp-content\/uploads\/2019\/03\/Untitled-1web-560x740.jpg 560w\" sizes=\"auto, (max-width: 775px) 100vw, 775px\" \/><\/figure><\/li><\/ul>\n\n\n\n<figure class=\"wp-block-image alignwide\"><img loading=\"lazy\" decoding=\"async\" width=\"1024\" height=\"683\" src=\"http:\/\/marianaheredia.es\/wp-content\/uploads\/2019\/03\/IMG_0634Aweb-1024x683.jpg\" alt=\"\" class=\"wp-image-245\" srcset=\"http:\/\/marianaheredia.es\/wp-content\/uploads\/2019\/03\/IMG_0634Aweb-1024x683.jpg 1024w, http:\/\/marianaheredia.es\/wp-content\/uploads\/2019\/03\/IMG_0634Aweb-300x200.jpg 300w, http:\/\/marianaheredia.es\/wp-content\/uploads\/2019\/03\/IMG_0634Aweb-768x512.jpg 768w, http:\/\/marianaheredia.es\/wp-content\/uploads\/2019\/03\/IMG_0634Aweb-500x333.jpg 500w, http:\/\/marianaheredia.es\/wp-content\/uploads\/2019\/03\/IMG_0634Aweb-800x533.jpg 800w, http:\/\/marianaheredia.es\/wp-content\/uploads\/2019\/03\/IMG_0634Aweb-1280x853.jpg 1280w, http:\/\/marianaheredia.es\/wp-content\/uploads\/2019\/03\/IMG_0634Aweb-1920x1280.jpg 1920w, http:\/\/marianaheredia.es\/wp-content\/uploads\/2019\/03\/IMG_0634Aweb-1200x800.jpg 1200w, http:\/\/marianaheredia.es\/wp-content\/uploads\/2019\/03\/IMG_0634Aweb-560x373.jpg 560w, http:\/\/marianaheredia.es\/wp-content\/uploads\/2019\/03\/IMG_0634Aweb-1140x760.jpg 1140w\" sizes=\"auto, (max-width: 1024px) 100vw, 1024px\" \/><figcaption> Artistas y Derivados \u2013 Museo Barjola Gij\u00f3n, 2016 <\/figcaption><\/figure>\n\n\n\n<div style=\"height:100px\" aria-hidden=\"true\" class=\"wp-block-spacer\"><\/div>\n\n\n\n<p style=\"text-align:center\">LOS RESTOS LOS RESIDUOS LOS RECUERDOS<\/p>\n\n\n\n<p style=\"font-size:11px\">Mesa plegable 80 x 55 cm<\/p>\n\n\n\n<p style=\"font-size:11px\">1.Grupo de gente y perro caminando\/ 2. Ventana\/ 3. Rollo papel aluminio azul\/ 4. Dos personas haciendo inhalaciones (Helke y Thomas Bayrle, Steffi Hartl, Udo Koch, fotograma del v\u00eddeo \u201cKamillendampfbad\u201d, 1996) \/ 5. Tres ventanas y un pa\u00f1uelo granate\/ 6. Tarro de mermelada estrellado en el suelo\/ 7. Cristal sobre rect\u00e1ngulo de papel aluminio azul\/ 8. Jarra espejo sobre una fotograf\u00eda\/ 9. Confeti sucio sobre disco reflectante\/ 10. Brida\/ 11. Cables trenzados\/ 12. Hombres arrodillados al lado de una pared\/ 13. Instrucciones apretar\/aflojar gafas de bucear\/ 14. C\u00edrculo antideslizante\/ 15. Rect\u00e1ngulo de conglomerado aislante\/ 16. \u00c1rboles de pl\u00e1stico\/ 17. Monta\u00f1a de basura barrida\/ 18. Toallita refrescante\/ 19. Cristal sobre mujer en paisaje\/ 20. Hojas pintadas con spray de obra\/ 21. Cierres con fechas impresas en caja transparente\/ 22. Desechos met\u00e1licos cortados en tiras\/ 23. Boya en el agua (v\u00e9ase siguiente p\u00e1gina)<\/p>\n\n\n\n<figure class=\"wp-block-image alignwide\"><img loading=\"lazy\" decoding=\"async\" width=\"1024\" height=\"683\" src=\"http:\/\/marianaheredia.es\/wp-content\/uploads\/2019\/03\/IMG_7174web-1024x683.jpg\" alt=\"\" class=\"wp-image-243\" srcset=\"http:\/\/marianaheredia.es\/wp-content\/uploads\/2019\/03\/IMG_7174web-1024x683.jpg 1024w, http:\/\/marianaheredia.es\/wp-content\/uploads\/2019\/03\/IMG_7174web-300x200.jpg 300w, http:\/\/marianaheredia.es\/wp-content\/uploads\/2019\/03\/IMG_7174web-768x512.jpg 768w, http:\/\/marianaheredia.es\/wp-content\/uploads\/2019\/03\/IMG_7174web-500x333.jpg 500w, http:\/\/marianaheredia.es\/wp-content\/uploads\/2019\/03\/IMG_7174web-800x533.jpg 800w, http:\/\/marianaheredia.es\/wp-content\/uploads\/2019\/03\/IMG_7174web-1280x853.jpg 1280w, http:\/\/marianaheredia.es\/wp-content\/uploads\/2019\/03\/IMG_7174web-1920x1280.jpg 1920w, http:\/\/marianaheredia.es\/wp-content\/uploads\/2019\/03\/IMG_7174web-1200x800.jpg 1200w, http:\/\/marianaheredia.es\/wp-content\/uploads\/2019\/03\/IMG_7174web-560x373.jpg 560w, http:\/\/marianaheredia.es\/wp-content\/uploads\/2019\/03\/IMG_7174web-1140x760.jpg 1140w\" sizes=\"auto, (max-width: 1024px) 100vw, 1024px\" \/><\/figure>\n\n\n\n<div class=\"wp-block-image\"><figure class=\"aligncenter\"><img loading=\"lazy\" decoding=\"async\" width=\"683\" height=\"1024\" src=\"http:\/\/marianaheredia.es\/wp-content\/uploads\/2019\/06\/IMG_7080-683x1024.jpg\" alt=\"\" class=\"wp-image-399\" srcset=\"http:\/\/marianaheredia.es\/wp-content\/uploads\/2019\/06\/IMG_7080-683x1024.jpg 683w, http:\/\/marianaheredia.es\/wp-content\/uploads\/2019\/06\/IMG_7080-200x300.jpg 200w, http:\/\/marianaheredia.es\/wp-content\/uploads\/2019\/06\/IMG_7080-768x1152.jpg 768w, http:\/\/marianaheredia.es\/wp-content\/uploads\/2019\/06\/IMG_7080-333x500.jpg 333w, http:\/\/marianaheredia.es\/wp-content\/uploads\/2019\/06\/IMG_7080-534x800.jpg 534w, http:\/\/marianaheredia.es\/wp-content\/uploads\/2019\/06\/IMG_7080-854x1280.jpg 854w, http:\/\/marianaheredia.es\/wp-content\/uploads\/2019\/06\/IMG_7080-1280x1920.jpg 1280w, http:\/\/marianaheredia.es\/wp-content\/uploads\/2019\/06\/IMG_7080-1200x1799.jpg 1200w, http:\/\/marianaheredia.es\/wp-content\/uploads\/2019\/06\/IMG_7080-560x840.jpg 560w\" sizes=\"auto, (max-width: 683px) 100vw, 683px\" \/><figcaption> Kunsthochschule Kassel Rundgang,  2015 <\/figcaption><\/figure><\/div>\n\n\n\n<p><\/p>\n","protected":false},"excerpt":{"rendered":"<p>Part\u00edculas en Masas es una serie de mesas entendidas como soporte horizontal suceptible al cambio. Sobre ellas se agrupan varios objetos e im\u00e1genes a trav\u00e9s de un sistema muy primario de clasificaci\u00f3n tanto reflexivo como intuitivo de las cosas. El proceso consiste en una aproximaci\u00f3n por tanteo a la realidad, una acumulaci\u00f3n de los trozos &hellip; <\/p>\n<p class=\"link-more\"><a href=\"http:\/\/marianaheredia.es\/?page_id=56\" class=\"more-link\">Continue reading<span class=\"screen-reader-text\"> &#8220;Part\u00edculas en Masas&#8221;<\/span><\/a><\/p>\n","protected":false},"author":1,"featured_media":0,"parent":0,"menu_order":0,"comment_status":"closed","ping_status":"closed","template":"templates\/wide-page-template.php","meta":{"_vp_format_video_url":"","_vp_image_focal_point":[],"footnotes":""},"class_list":["post-56","page","type-page","status-publish","hentry","no-thumbnail"],"_links":{"self":[{"href":"http:\/\/marianaheredia.es\/index.php?rest_route=\/wp\/v2\/pages\/56","targetHints":{"allow":["GET"]}}],"collection":[{"href":"http:\/\/marianaheredia.es\/index.php?rest_route=\/wp\/v2\/pages"}],"about":[{"href":"http:\/\/marianaheredia.es\/index.php?rest_route=\/wp\/v2\/types\/page"}],"author":[{"embeddable":true,"href":"http:\/\/marianaheredia.es\/index.php?rest_route=\/wp\/v2\/users\/1"}],"replies":[{"embeddable":true,"href":"http:\/\/marianaheredia.es\/index.php?rest_route=%2Fwp%2Fv2%2Fcomments&post=56"}],"version-history":[{"count":32,"href":"http:\/\/marianaheredia.es\/index.php?rest_route=\/wp\/v2\/pages\/56\/revisions"}],"predecessor-version":[{"id":504,"href":"http:\/\/marianaheredia.es\/index.php?rest_route=\/wp\/v2\/pages\/56\/revisions\/504"}],"wp:attachment":[{"href":"http:\/\/marianaheredia.es\/index.php?rest_route=%2Fwp%2Fv2%2Fmedia&parent=56"}],"curies":[{"name":"wp","href":"https:\/\/api.w.org\/{rel}","templated":true}]}}