{"id":757,"date":"2025-06-24T15:05:26","date_gmt":"2025-06-24T15:05:26","guid":{"rendered":"http:\/\/marianaheredia.es\/?page_id=757"},"modified":"2025-07-17T15:46:19","modified_gmt":"2025-07-17T15:46:19","slug":"particulas-en-masas-toma-de-tierra","status":"publish","type":"page","link":"http:\/\/marianaheredia.es\/?page_id=757","title":{"rendered":"Toma de tierra"},"content":{"rendered":"\n<p><\/p>\n\n\n\n<p><strong>TIERRA EN NUESTROS NOMBRES<\/strong><\/p>\n\n\n\n<p>\u201cSin modos de encantamiento, no tendr\u00edamos la energ\u00eda ni la inspiraci\u00f3n necesarias para poner en marcha proyectos ecol\u00f3gicos, o para oponernos a modos de comercializaci\u00f3n injustos y desagradables, o para responder generosamente a los seres humanos y no humanos que desaf\u00edan nuestras identidades establecidas. Estos encantos ya est\u00e1n en nosotras, y a nuestro alrededor.\u201d<\/p>\n\n\n\n<p>Jane Bennett, 2001<\/p>\n\n\n\n<p>Jane Bennett describe el encantamiento como un estado de asombro<sup>[2]<\/sup> en el que los pensamientos y las extremidades del cuerpo se detienen; en el que el tiempo cronol\u00f3gico y el movimiento se suspenden temporalmente; un momento de <em>estar-con<\/em>. Esto nos remite al descanso activo; una pausa generativa, una oportunidad para ver las cosas de otra manera y prestar atenci\u00f3n. Prestar atenci\u00f3n es un verbo a la vez activo y pasivo, una especie de contradicci\u00f3n creativa.<\/p>\n\n\n\n<p>\u201cToma de Tierra\u201d es un proyecto que, naciendo del desasosiego que produce tener una pr\u00e1ctica art\u00edstica en tiempos del h\u00edper-capitalismo digital, repara en la atenci\u00f3n como herramienta de emancipaci\u00f3n y de posible conexi\u00f3n con el mundo de las cosas. A trav\u00e9s de prestar atenci\u00f3n a su entorno, Mariana Heredia traza su cosmolog\u00eda propia de este mundo desde el suelo. Desde la tierra que sirve de materia para albergar las conexiones de energ\u00eda que, mediante una cable verde-amarillo (el cable de tierra), permite que la electricidad se propague generando vida. La idea de circuito cerrado se apodera de la exposici\u00f3n, de manera que la instalaci\u00f3n acompasa ecos de varios gestos escult\u00f3ricos y de objetos e im\u00e1genes a modo de estratigraf\u00eda no lineal que parten de un v\u00eddeo hecho por la artista en la playa asturiana de Los Quebrantos, en el concejo de Soto del Barco, una zona conocida por su pasado industrial.<\/p>\n\n\n\n<p>El video documenta una de las materialidades representativas de la \u00e9poca del Antropoceno, los <em>plastiglomerados<\/em>, sedimentos constituidos por arenas y elementos \u201cno naturales\u201d, tales como pl\u00e1sticos, aluminio y hormig\u00f3n. Como Julio L\u00f3pez Pel\u00e1ez explica<sup>[3]<\/sup>, los oleajes aportan sedimentos a las playas que, junto con el viento, permite el transporte de arenas desde la misma playa hacia el frente dunar. De esta forma, restos pl\u00e1sticos de nuestra vida humana como botellas, pajitas, microperlas de los cosm\u00e9ticos, o fibras de prendas de ropa se mezclan en forma de hummus con residuos industriales en las dunas, inscribiendo la huella humana en el tiempo profundo (<em>deep time<\/em>)<sup>[4]<\/sup> y en la concha p\u00e9trea de la Tierra. El deseo humano de persistir nos aboca a una ecolog\u00eda t\u00f3xica que es visible pero no legible afectivamente, \u00bfc\u00f3mo podemos atender a la afecci\u00f3n del Antropoceno? Astrida Neimanis<sup>[5]<\/sup> nos invita a reflexionar sobre la naturaleza de la Geolog\u00eda y, en particular, sobre c\u00f3mo la estratigraf\u00eda es capaz de capturar todo el tiempo del mundo en una \u00fanica instant\u00e1nea, produciendo un modelo de la Tierra que la simplifica. Si parte del Antropoceno \u201cconsiste en luchar con el anhelo febril y el arrepentimiento de nuestra auto-inscripci\u00f3n, quiz\u00e1 necesitemos otro tipo de archivo.\u201d<sup>[6]<\/sup><\/p>\n\n\n\n<p>Un archivo como el que \u201cToma de Tierra\u201d propone donde la coexistencia de lo humano y lo no-humano est\u00e1 latente en todo nuestro alrededor; incluyendo los encantos y desencantos que producen cuando se producen diferentes niveles de comunicaci\u00f3n entre ellos.<\/p>\n\n\n\n<hr class=\"wp-block-separator has-alpha-channel-opacity\"\/>\n\n\n\n<p><sup>[2]<\/sup> Jane Bennet, \u201cThe Enchantment of Modern Life: Attachments, Crossings, and Ethics\u201d. Princetown University Press: 2001, p.65<\/p>\n\n\n\n<p><sup>[3]<\/sup> Antropoceno. Afloramientos costeros del Nal\u00f3n a punta El Infierno\u201d. Cuadernos de Estudios Avilesinos, 02: 2021, p.26.<\/p>\n\n\n\n<p><sup>[4]<\/sup> <em>Deep time<\/em> es un concepto utilizado en Geolog\u00eda para hacer referencia al tiempo geol\u00f3gico. Actualmente se establece que la edad de la Tierra es de 4.54 billones de a\u00f1os, mientras que especies humanas arcaicas (no sapiens), como los neandertales, vivieron hace unos 40.000 a\u00f1os.<\/p>\n\n\n\n<p><sup>[5]<\/sup> Astrida Neimanis, \u201cWater, a Queer Archive of Feeling\u201d en \u201cTidalectics. Imagining an oceanic worldview through art and science\u201d. The MIT Press, Cambridge: 2018, p.189.<\/p>\n\n\n\n<p><sup>[6]<\/sup> Ibid., p. 192.<\/p>\n\n\n\n<p class=\"has-text-align-right\">Texto de Cristina Ramos<\/p>\n\n\n\n<figure class=\"wp-block-image alignwide size-large is-style-default\"><img loading=\"lazy\" decoding=\"async\" width=\"1024\" height=\"323\" src=\"http:\/\/marianaheredia.es\/wp-content\/uploads\/2025\/06\/IMG_9642_1-1024x323.jpg\" alt=\"\" class=\"wp-image-764\" srcset=\"http:\/\/marianaheredia.es\/wp-content\/uploads\/2025\/06\/IMG_9642_1-1024x323.jpg 1024w, http:\/\/marianaheredia.es\/wp-content\/uploads\/2025\/06\/IMG_9642_1-300x95.jpg 300w, http:\/\/marianaheredia.es\/wp-content\/uploads\/2025\/06\/IMG_9642_1-768x242.jpg 768w, http:\/\/marianaheredia.es\/wp-content\/uploads\/2025\/06\/IMG_9642_1-1536x484.jpg 1536w, http:\/\/marianaheredia.es\/wp-content\/uploads\/2025\/06\/IMG_9642_1-2048x645.jpg 2048w, http:\/\/marianaheredia.es\/wp-content\/uploads\/2025\/06\/IMG_9642_1-500x158.jpg 500w, http:\/\/marianaheredia.es\/wp-content\/uploads\/2025\/06\/IMG_9642_1-800x252.jpg 800w, http:\/\/marianaheredia.es\/wp-content\/uploads\/2025\/06\/IMG_9642_1-1280x403.jpg 1280w, http:\/\/marianaheredia.es\/wp-content\/uploads\/2025\/06\/IMG_9642_1-1920x605.jpg 1920w, http:\/\/marianaheredia.es\/wp-content\/uploads\/2025\/06\/IMG_9642_1-1200x378.jpg 1200w, http:\/\/marianaheredia.es\/wp-content\/uploads\/2025\/06\/IMG_9642_1-1120x353.jpg 1120w, http:\/\/marianaheredia.es\/wp-content\/uploads\/2025\/06\/IMG_9642_1-1140x359.jpg 1140w\" sizes=\"auto, (max-width: 1024px) 100vw, 1024px\" \/><figcaption class=\"wp-element-caption\">Lenguas de gres\/ Miga de pan<\/figcaption><\/figure>\n\n\n<div class=\"wp-block-image\">\n<figure class=\"aligncenter size-large\"><img loading=\"lazy\" decoding=\"async\" width=\"683\" height=\"1024\" src=\"http:\/\/marianaheredia.es\/wp-content\/uploads\/2025\/06\/IMG_9535_1-683x1024.jpg\" alt=\"\" class=\"wp-image-767\" srcset=\"http:\/\/marianaheredia.es\/wp-content\/uploads\/2025\/06\/IMG_9535_1-683x1024.jpg 683w, http:\/\/marianaheredia.es\/wp-content\/uploads\/2025\/06\/IMG_9535_1-200x300.jpg 200w, http:\/\/marianaheredia.es\/wp-content\/uploads\/2025\/06\/IMG_9535_1-768x1152.jpg 768w, http:\/\/marianaheredia.es\/wp-content\/uploads\/2025\/06\/IMG_9535_1-1024x1536.jpg 1024w, http:\/\/marianaheredia.es\/wp-content\/uploads\/2025\/06\/IMG_9535_1-1365x2048.jpg 1365w, http:\/\/marianaheredia.es\/wp-content\/uploads\/2025\/06\/IMG_9535_1-500x750.jpg 500w, http:\/\/marianaheredia.es\/wp-content\/uploads\/2025\/06\/IMG_9535_1-800x1200.jpg 800w, http:\/\/marianaheredia.es\/wp-content\/uploads\/2025\/06\/IMG_9535_1-1280x1920.jpg 1280w, http:\/\/marianaheredia.es\/wp-content\/uploads\/2025\/06\/IMG_9535_1-1920x2880.jpg 1920w, http:\/\/marianaheredia.es\/wp-content\/uploads\/2025\/06\/IMG_9535_1-1200x1800.jpg 1200w, http:\/\/marianaheredia.es\/wp-content\/uploads\/2025\/06\/IMG_9535_1-1120x1680.jpg 1120w, http:\/\/marianaheredia.es\/wp-content\/uploads\/2025\/06\/IMG_9535_1-1140x1710.jpg 1140w, http:\/\/marianaheredia.es\/wp-content\/uploads\/2025\/06\/IMG_9535_1-scaled.jpg 1707w\" sizes=\"auto, (max-width: 683px) 100vw, 683px\" \/><\/figure>\n<\/div>\n\n<div class=\"wp-block-image\">\n<figure class=\"aligncenter size-large is-resized\"><img loading=\"lazy\" decoding=\"async\" width=\"683\" height=\"1024\" src=\"http:\/\/marianaheredia.es\/wp-content\/uploads\/2025\/06\/IMG_9670_1-683x1024.jpg\" alt=\"\" class=\"wp-image-766\" style=\"width:683px;height:auto\" srcset=\"http:\/\/marianaheredia.es\/wp-content\/uploads\/2025\/06\/IMG_9670_1-683x1024.jpg 683w, http:\/\/marianaheredia.es\/wp-content\/uploads\/2025\/06\/IMG_9670_1-200x300.jpg 200w, http:\/\/marianaheredia.es\/wp-content\/uploads\/2025\/06\/IMG_9670_1-768x1152.jpg 768w, http:\/\/marianaheredia.es\/wp-content\/uploads\/2025\/06\/IMG_9670_1-1024x1536.jpg 1024w, http:\/\/marianaheredia.es\/wp-content\/uploads\/2025\/06\/IMG_9670_1-1365x2048.jpg 1365w, http:\/\/marianaheredia.es\/wp-content\/uploads\/2025\/06\/IMG_9670_1-500x750.jpg 500w, http:\/\/marianaheredia.es\/wp-content\/uploads\/2025\/06\/IMG_9670_1-800x1200.jpg 800w, http:\/\/marianaheredia.es\/wp-content\/uploads\/2025\/06\/IMG_9670_1-1280x1920.jpg 1280w, http:\/\/marianaheredia.es\/wp-content\/uploads\/2025\/06\/IMG_9670_1-1920x2880.jpg 1920w, http:\/\/marianaheredia.es\/wp-content\/uploads\/2025\/06\/IMG_9670_1-1200x1800.jpg 1200w, http:\/\/marianaheredia.es\/wp-content\/uploads\/2025\/06\/IMG_9670_1-1120x1680.jpg 1120w, http:\/\/marianaheredia.es\/wp-content\/uploads\/2025\/06\/IMG_9670_1-1140x1710.jpg 1140w, http:\/\/marianaheredia.es\/wp-content\/uploads\/2025\/06\/IMG_9670_1-scaled.jpg 1707w\" sizes=\"auto, (max-width: 683px) 100vw, 683px\" \/><figcaption class=\"wp-element-caption\">Impresi\u00f3n en tela<\/figcaption><\/figure>\n<\/div>\n\n\n<figure class=\"wp-block-image size-large\"><img loading=\"lazy\" decoding=\"async\" width=\"1024\" height=\"683\" src=\"http:\/\/marianaheredia.es\/wp-content\/uploads\/2025\/06\/Ptolomaer-fotocopia-1024x683.jpg\" alt=\"\" class=\"wp-image-778\" srcset=\"http:\/\/marianaheredia.es\/wp-content\/uploads\/2025\/06\/Ptolomaer-fotocopia-1024x683.jpg 1024w, http:\/\/marianaheredia.es\/wp-content\/uploads\/2025\/06\/Ptolomaer-fotocopia-300x200.jpg 300w, http:\/\/marianaheredia.es\/wp-content\/uploads\/2025\/06\/Ptolomaer-fotocopia-768x512.jpg 768w, http:\/\/marianaheredia.es\/wp-content\/uploads\/2025\/06\/Ptolomaer-fotocopia-1536x1025.jpg 1536w, http:\/\/marianaheredia.es\/wp-content\/uploads\/2025\/06\/Ptolomaer-fotocopia-2048x1366.jpg 2048w, http:\/\/marianaheredia.es\/wp-content\/uploads\/2025\/06\/Ptolomaer-fotocopia-500x333.jpg 500w, http:\/\/marianaheredia.es\/wp-content\/uploads\/2025\/06\/Ptolomaer-fotocopia-800x534.jpg 800w, http:\/\/marianaheredia.es\/wp-content\/uploads\/2025\/06\/Ptolomaer-fotocopia-1280x854.jpg 1280w, http:\/\/marianaheredia.es\/wp-content\/uploads\/2025\/06\/Ptolomaer-fotocopia-1920x1281.jpg 1920w, http:\/\/marianaheredia.es\/wp-content\/uploads\/2025\/06\/Ptolomaer-fotocopia-1200x800.jpg 1200w, http:\/\/marianaheredia.es\/wp-content\/uploads\/2025\/06\/Ptolomaer-fotocopia-1120x747.jpg 1120w, http:\/\/marianaheredia.es\/wp-content\/uploads\/2025\/06\/Ptolomaer-fotocopia-1140x760.jpg 1140w\" sizes=\"auto, (max-width: 1024px) 100vw, 1024px\" \/><\/figure>\n\n\n\n<figure class=\"wp-block-image size-large\"><img loading=\"lazy\" decoding=\"async\" width=\"1024\" height=\"683\" src=\"http:\/\/marianaheredia.es\/wp-content\/uploads\/2025\/06\/IMG_9589_1-1024x683.jpg\" alt=\"\" class=\"wp-image-763\" srcset=\"http:\/\/marianaheredia.es\/wp-content\/uploads\/2025\/06\/IMG_9589_1-1024x683.jpg 1024w, http:\/\/marianaheredia.es\/wp-content\/uploads\/2025\/06\/IMG_9589_1-300x200.jpg 300w, http:\/\/marianaheredia.es\/wp-content\/uploads\/2025\/06\/IMG_9589_1-768x512.jpg 768w, http:\/\/marianaheredia.es\/wp-content\/uploads\/2025\/06\/IMG_9589_1-1536x1024.jpg 1536w, http:\/\/marianaheredia.es\/wp-content\/uploads\/2025\/06\/IMG_9589_1-2048x1365.jpg 2048w, http:\/\/marianaheredia.es\/wp-content\/uploads\/2025\/06\/IMG_9589_1-500x333.jpg 500w, http:\/\/marianaheredia.es\/wp-content\/uploads\/2025\/06\/IMG_9589_1-800x533.jpg 800w, http:\/\/marianaheredia.es\/wp-content\/uploads\/2025\/06\/IMG_9589_1-1280x853.jpg 1280w, http:\/\/marianaheredia.es\/wp-content\/uploads\/2025\/06\/IMG_9589_1-1920x1280.jpg 1920w, http:\/\/marianaheredia.es\/wp-content\/uploads\/2025\/06\/IMG_9589_1-1200x800.jpg 1200w, http:\/\/marianaheredia.es\/wp-content\/uploads\/2025\/06\/IMG_9589_1-1120x747.jpg 1120w, http:\/\/marianaheredia.es\/wp-content\/uploads\/2025\/06\/IMG_9589_1-1140x760.jpg 1140w\" sizes=\"auto, (max-width: 1024px) 100vw, 1024px\" \/><\/figure>\n\n\n\n<figure class=\"wp-block-image size-large\"><img loading=\"lazy\" decoding=\"async\" width=\"1024\" height=\"646\" src=\"http:\/\/marianaheredia.es\/wp-content\/uploads\/2025\/06\/IMG_1448_1-1024x646.jpg\" alt=\"\" class=\"wp-image-758\" srcset=\"http:\/\/marianaheredia.es\/wp-content\/uploads\/2025\/06\/IMG_1448_1-1024x646.jpg 1024w, http:\/\/marianaheredia.es\/wp-content\/uploads\/2025\/06\/IMG_1448_1-300x189.jpg 300w, http:\/\/marianaheredia.es\/wp-content\/uploads\/2025\/06\/IMG_1448_1-768x485.jpg 768w, http:\/\/marianaheredia.es\/wp-content\/uploads\/2025\/06\/IMG_1448_1-1536x970.jpg 1536w, http:\/\/marianaheredia.es\/wp-content\/uploads\/2025\/06\/IMG_1448_1-2048x1293.jpg 2048w, http:\/\/marianaheredia.es\/wp-content\/uploads\/2025\/06\/IMG_1448_1-500x316.jpg 500w, http:\/\/marianaheredia.es\/wp-content\/uploads\/2025\/06\/IMG_1448_1-800x505.jpg 800w, http:\/\/marianaheredia.es\/wp-content\/uploads\/2025\/06\/IMG_1448_1-1280x808.jpg 1280w, http:\/\/marianaheredia.es\/wp-content\/uploads\/2025\/06\/IMG_1448_1-1920x1212.jpg 1920w, http:\/\/marianaheredia.es\/wp-content\/uploads\/2025\/06\/IMG_1448_1-1200x757.jpg 1200w, http:\/\/marianaheredia.es\/wp-content\/uploads\/2025\/06\/IMG_1448_1-1120x707.jpg 1120w, http:\/\/marianaheredia.es\/wp-content\/uploads\/2025\/06\/IMG_1448_1-1140x720.jpg 1140w\" sizes=\"auto, (max-width: 1024px) 100vw, 1024px\" \/><\/figure>\n","protected":false},"excerpt":{"rendered":"<p>TIERRA EN NUESTROS NOMBRES \u201cSin modos de encantamiento, no tendr\u00edamos la energ\u00eda ni la inspiraci\u00f3n necesarias para poner en marcha proyectos ecol\u00f3gicos, o para oponernos a modos de comercializaci\u00f3n injustos y desagradables, o para responder generosamente a los seres humanos y no humanos que desaf\u00edan nuestras identidades establecidas. Estos encantos ya est\u00e1n en nosotras, y &hellip; <\/p>\n<p class=\"link-more\"><a href=\"http:\/\/marianaheredia.es\/?page_id=757\" class=\"more-link\">Continue reading<span class=\"screen-reader-text\"> &#8220;Toma de tierra&#8221;<\/span><\/a><\/p>\n","protected":false},"author":1,"featured_media":0,"parent":0,"menu_order":2,"comment_status":"closed","ping_status":"closed","template":"","meta":{"_vp_format_video_url":"","_vp_image_focal_point":[],"footnotes":""},"class_list":["post-757","page","type-page","status-publish","hentry","no-thumbnail"],"_links":{"self":[{"href":"http:\/\/marianaheredia.es\/index.php?rest_route=\/wp\/v2\/pages\/757","targetHints":{"allow":["GET"]}}],"collection":[{"href":"http:\/\/marianaheredia.es\/index.php?rest_route=\/wp\/v2\/pages"}],"about":[{"href":"http:\/\/marianaheredia.es\/index.php?rest_route=\/wp\/v2\/types\/page"}],"author":[{"embeddable":true,"href":"http:\/\/marianaheredia.es\/index.php?rest_route=\/wp\/v2\/users\/1"}],"replies":[{"embeddable":true,"href":"http:\/\/marianaheredia.es\/index.php?rest_route=%2Fwp%2Fv2%2Fcomments&post=757"}],"version-history":[{"count":10,"href":"http:\/\/marianaheredia.es\/index.php?rest_route=\/wp\/v2\/pages\/757\/revisions"}],"predecessor-version":[{"id":788,"href":"http:\/\/marianaheredia.es\/index.php?rest_route=\/wp\/v2\/pages\/757\/revisions\/788"}],"wp:attachment":[{"href":"http:\/\/marianaheredia.es\/index.php?rest_route=%2Fwp%2Fv2%2Fmedia&parent=757"}],"curies":[{"name":"wp","href":"https:\/\/api.w.org\/{rel}","templated":true}]}}